{"id":32,"date":"2026-04-14T21:38:33","date_gmt":"2026-04-14T21:38:33","guid":{"rendered":"https:\/\/magdalenarybicka.pl\/?page_id=32"},"modified":"2026-04-14T21:38:33","modified_gmt":"2026-04-14T21:38:33","slug":"o-mnie","status":"publish","type":"page","link":"https:\/\/magdalenarybicka.pl\/index.php\/o-mnie\/","title":{"rendered":"O mnie"},"content":{"rendered":"\n<p>Psycholo\u017cka i psychoterapeutka w trakcie studi\u00f3w podyplomowych z psychoterapii poznawczo-behawioralnej Uniwersytetu SWPS. Psychodietetyczka, diagnostka ADHD os\u00f3b doros\u0142ych. Uko\u0144czy\u0142am kompleksowe szkolenia z zakresu neuror\u00f3\u017cnorodno\u015bci (ADHD oraz ASD spektrum autyzmu) m.in. prowadzone przez Akademi\u0119 R\u00f3\u017cnorodno\u015bci &#8211; specjalistki Mart\u0119 Cie\u015bl\u0119 i Karolin\u0119 Ziegart-Sadowsk\u0105.<\/p>\n","protected":false},"excerpt":{"rendered":"<p>Psycholo\u017cka i psychoterapeutka w trakcie studi\u00f3w podyplomowych z psychoterapii poznawczo-behawioralnej Uniwersytetu SWPS. Psychodietetyczka, diagnostka ADHD os\u00f3b doros\u0142ych. Uko\u0144czy\u0142am kompleksowe szkolenia z zakresu neuror\u00f3\u017cnorodno\u015bci (ADHD oraz ASD spektrum autyzmu) m.in. prowadzone przez Akademi\u0119 R\u00f3\u017cnorodno\u015bci &#8211; specjalistki Mart\u0119 Cie\u015bl\u0119 i Karolin\u0119 Ziegart-Sadowsk\u0105.<\/p>\n","protected":false},"author":1,"featured_media":0,"parent":0,"menu_order":0,"comment_status":"closed","ping_status":"closed","template":"","meta":{"footnotes":""},"class_list":["post-32","page","type-page","status-publish","hentry"],"_links":{"self":[{"href":"https:\/\/magdalenarybicka.pl\/index.php\/wp-json\/wp\/v2\/pages\/32","targetHints":{"allow":["GET"]}}],"collection":[{"href":"https:\/\/magdalenarybicka.pl\/index.php\/wp-json\/wp\/v2\/pages"}],"about":[{"href":"https:\/\/magdalenarybicka.pl\/index.php\/wp-json\/wp\/v2\/types\/page"}],"author":[{"embeddable":true,"href":"https:\/\/magdalenarybicka.pl\/index.php\/wp-json\/wp\/v2\/users\/1"}],"replies":[{"embeddable":true,"href":"https:\/\/magdalenarybicka.pl\/index.php\/wp-json\/wp\/v2\/comments?post=32"}],"version-history":[{"count":1,"href":"https:\/\/magdalenarybicka.pl\/index.php\/wp-json\/wp\/v2\/pages\/32\/revisions"}],"predecessor-version":[{"id":33,"href":"https:\/\/magdalenarybicka.pl\/index.php\/wp-json\/wp\/v2\/pages\/32\/revisions\/33"}],"wp:attachment":[{"href":"https:\/\/magdalenarybicka.pl\/index.php\/wp-json\/wp\/v2\/media?parent=32"}],"curies":[{"name":"wp","href":"https:\/\/api.w.org\/{rel}","templated":true}]}}